{"id":2392,"date":"2024-01-24T11:23:36","date_gmt":"2024-01-24T10:23:36","guid":{"rendered":"https:\/\/www.geosens.de\/info\/service\/geosens-notify\/"},"modified":"2024-02-20T13:52:35","modified_gmt":"2024-02-20T12:52:35","slug":"geosens-notify","status":"publish","type":"page","link":"https:\/\/www.geosens.de\/info\/service\/geosens-notify\/","title":{"rendered":"GEOsens Notify"},"content":{"rendered":"<p>[et_pb_section fb_built=&#8220;1&#8243; admin_label=&#8220;Service GEOsens Notify&#8220; _builder_version=&#8220;4.24.0&#8243; custom_padding=&#8220;|||&#8220; box_shadow_style=&#8220;preset3&#8243; locked=&#8220;off&#8220; global_colors_info=&#8220;{}&#8220;][et_pb_row column_structure=&#8220;1_2,1_2&#8243; make_equal=&#8220;on&#8220; custom_padding_last_edited=&#8220;on|phone&#8220; admin_label=&#8220;Zeile GEOsens Notify&#8220; _builder_version=&#8220;4.24.0&#8243; custom_margin=&#8220;|||&#8220; custom_padding=&#8220;80px||||false|false&#8220; custom_padding_tablet=&#8220;80px||||false|false&#8220; custom_padding_phone=&#8220;0px||||false|false&#8220; saved_tabs=&#8220;all&#8220; locked=&#8220;off&#8220; global_colors_info=&#8220;{}&#8220;][et_pb_column type=&#8220;1_2&#8243; _builder_version=&#8220;4.16&#8243; _module_preset=&#8220;default&#8220; global_colors_info=&#8220;{}&#8220;][et_pb_blurb title=&#8220;GEOsens Notify&#8220; use_icon=&#8220;on&#8220; font_icon=&#8220;&#xe065;||divi||400&#8243; image_icon_background_color=&#8220;#FFFFFF&#8220; image_icon_width=&#8220;70px&#8220; admin_label=&#8220;Blurb Ntfy&#8220; _builder_version=&#8220;4.24.0&#8243; header_level=&#8220;h1&#8243; header_font=&#8220;||||||||&#8220; header_text_align=&#8220;center&#8220; body_font=&#8220;Open Sans||||||||&#8220; body_line_height=&#8220;1.8em&#8220; background_color=&#8220;#f1f1f1&#8243; image_icon_custom_margin=&#8220;10px||||false|false&#8220; image_icon_custom_padding=&#8220;30px|30px|30px|30px|true|true&#8220; custom_padding=&#8220;20px|30px|20px|30px|false|true&#8220; animation_style=&#8220;fold&#8220; animation_delay=&#8220;150ms&#8220; animation=&#8220;off&#8220; link_option_url=&#8220;https:\/\/ntfy.geosens.com&#8220; link_option_url_new_window=&#8220;on&#8220; border_width_all=&#8220;1px&#8220; border_color_all=&#8220;#ececec&#8220; border_width_all_image=&#8220;1px&#8220; border_color_all_image=&#8220;#cc0000&#8243; locked=&#8220;off&#8220; global_colors_info=&#8220;{}&#8220;][\/et_pb_blurb][\/et_pb_column][et_pb_column type=&#8220;1_2&#8243; _builder_version=&#8220;4.23&#8243; _module_preset=&#8220;default&#8220; global_colors_info=&#8220;{}&#8220;][et_pb_text admin_label=&#8220;Text &#8211; App-Links&#8220; _builder_version=&#8220;4.24.0&#8243; _module_preset=&#8220;default&#8220; global_colors_info=&#8220;{}&#8220;]<\/p>\n<p>Je nach Ger\u00e4t und Betriebssystem k\u00f6nnen Sie die Ntfy-App kostenlos unter nachfolgenden Links herunterladen:<\/p>\n<p><a title=\"Link zum AppleStore\" href=\"https:\/\/apps.apple.com\/us\/app\/ntfy\/id1625396347\" target=\"_blank\" rel=\"noopener\"><img decoding=\"async\" class=\"wp-image-438 alignnone size-medium\" src=\"https:\/\/www.geosens.de\/info\/wp-content\/uploads\/2023\/10\/AppDownload-AppleStore-300x101.png\" alt=\"\" width=\"160\" srcset=\"https:\/\/www.geosens.de\/info\/wp-content\/uploads\/2023\/10\/AppDownload-AppleStore-300x101.png 300w, https:\/\/www.geosens.de\/info\/wp-content\/uploads\/2023\/10\/AppDownload-AppleStore.png 320w\" sizes=\"(max-width: 300px) 100vw, 300px\" \/><\/a> <a title=\"Link zum F-Droid-Repository\" href=\"https:\/\/f-droid.org\/en\/packages\/io.heckel.ntfy\/\" target=\"_blank\" rel=\"noopener\"><img decoding=\"async\" class=\"wp-image-439 alignnone size-medium\" src=\"https:\/\/www.geosens.de\/info\/wp-content\/uploads\/2023\/10\/AppDownload-fDroid.png\" alt=\"\" width=\"160\" \/><\/a> <a title=\"Link zum Google Play Store\" href=\"https:\/\/apps.apple.com\/us\/app\/ntfy\/id1625396347\" target=\"_blank\" rel=\"noopener\"><img decoding=\"async\" class=\"wp-image-440 alignnone size-medium\" src=\"https:\/\/www.geosens.de\/info\/wp-content\/uploads\/2023\/10\/AppDownload-GooglePlayStore-300x89.png\" alt=\"\" width=\"160\" srcset=\"https:\/\/www.geosens.de\/info\/wp-content\/uploads\/2023\/10\/AppDownload-GooglePlayStore-300x89.png 300w, https:\/\/www.geosens.de\/info\/wp-content\/uploads\/2023\/10\/AppDownload-GooglePlayStore.png 363w\" sizes=\"(max-width: 300px) 100vw, 300px\" \/><\/a><\/p>\n<p>F\u00fcr den Zugang per WebApp am Arbeitsplatz-Rechner m\u00fcssen Sie keine zus\u00e4tzliche Software installieren.<\/p>\n<p><strong>Service-Link: <a title=\"GEOsens Message Service\" href=\"https:\/\/ntfy.geosens.com\" target=\"_blank\" rel=\"noopener\">ntfy.geosens.com<\/a><\/strong><\/p>\n<p>[\/et_pb_text][\/et_pb_column][\/et_pb_row][et_pb_row column_structure=&#8220;1_2,1_2&#8243; make_equal=&#8220;on&#8220; custom_padding_last_edited=&#8220;off|desktop&#8220; admin_label=&#8220;Zeile GEOsens Notify&#8220; _builder_version=&#8220;4.24.0&#8243; custom_margin=&#8220;|||&#8220; custom_padding_tablet=&#8220;80px||||false|false&#8220; custom_padding_phone=&#8220;0px||||false|false&#8220; saved_tabs=&#8220;all&#8220; locked=&#8220;off&#8220; global_colors_info=&#8220;{}&#8220;][et_pb_column type=&#8220;1_2&#8243; _builder_version=&#8220;4.16&#8243; _module_preset=&#8220;default&#8220; global_colors_info=&#8220;{}&#8220;][et_pb_text admin_label=&#8220;Text &#8211; Ntfy Service&#8220; _builder_version=&#8220;4.24.1&#8243; _module_preset=&#8220;default&#8220; hover_enabled=&#8220;0&#8243; global_colors_info=&#8220;{}&#8220; sticky_enabled=&#8220;0&#8243;]<\/p>\n<p>Ntfy (sprich Notify) ist eine Software zur Benachrichtigung und\/oder Alarmierung. Wir betreiben einen eigenen Ntfy-Server, \u00fcber den wir Ihre Meldungen verschicken. Damit bleiben Sie stets \u00fcber alles Wichtige in Ihren Projekten informiert.<\/p>\n<p>Wir konfigurieren f\u00fcr Sie die Alarme auf Basis von Messdaten, Sie erhalten die Nachricht \u00fcber einen Ausfall oder eine Grenzwert\u00fcberschreitung in Echtzeit.<\/p>\n<p>Sie erhalten von uns einen Zugang und installieren die Ntfy-App auf Ihrem Smartphone. Zus\u00e4tzlich k\u00f6nnen Sie auch an Ihrem Arbeitsplatz-Rechner \u00fcber Ihren gewohnten Webbrowser den GEOsens-Notify-Service aufrufen.<\/p>\n<p>Komfortabel k\u00f6nnen Sie die App f\u00fcr Ihre Bed\u00fcrfnisse konfigurieren: So haben Sie u.a. die volle Kontrolle dar\u00fcber, welche Kan\u00e4le Sie abonnieren oder welchen Signalton Sie je nach Priorit\u00e4t bzw. Nachricht h\u00f6ren wollen.<\/p>\n<p>Ntfy ist Opensource-Software \u2013 kostenlos, bew\u00e4hrt und sicher. Ntfy wurde daf\u00fcr entwickelt, schnell und zuverl\u00e4ssig zu benachrichtigen. Keine Werbung, keine Ablenkung. Mehr Info \u00fcber Ntfy finden sie hier (in Englisch): <a title=\"Zur Website von Ntfy\" href=\"https:\/\/ntfy.sh\" target=\"_blank\" rel=\"noopener\">https:\/\/ntfy.sh<\/a>.<\/p>\n<p>Exklusiv f\u00fcr unsere Kunden betreiben wir den GEOsens-Notify-Service in unserer eigenen Cloud-Infrastruktur &#8211; DSGVO-konform auf Servern in Deutschland. Wir nutzen Ntfy seit Jahren.<\/p>\n<p>[\/et_pb_text][\/et_pb_column][et_pb_column type=&#8220;1_2&#8243; _builder_version=&#8220;4.23&#8243; _module_preset=&#8220;default&#8220; global_colors_info=&#8220;{}&#8220;][et_pb_image src=&#8220;https:\/\/www.geosens.de\/info\/wp-content\/uploads\/2024\/01\/GEOsens-Ntfy-ScreenShot-1000&#215;864-1.jpg&#8220; alt=&#8220;Beispiel-ScreenShot der WebApp: GEOsens Notify Service&#8220; title_text=&#8220;Beispiel-ScreenShot der WebApp: GEOsens Notify Service&#8220; show_in_lightbox=&#8220;on&#8220; align=&#8220;center&#8220; admin_label=&#8220;Bild &#8211; ScreenShot&#8220; _builder_version=&#8220;4.24.0&#8243; _module_preset=&#8220;default&#8220; caption_text=&#8220;Foto: GEOsens GmbH&#8220; description_text=&#8220;Beispiel-ScreenShot der WebApp: GEOsens Notify Service&#8220; enable_description_text=&#8220;on&#8220; image_description_color=&#8220;#999999&#8243; image_description_size=&#8220;14px&#8220; box_shadow_style=&#8220;preset1&#8243; global_colors_info=&#8220;{}&#8220;][\/et_pb_image][\/et_pb_column][\/et_pb_row][\/et_pb_section][et_pb_section fb_built=&#8220;1&#8243; _builder_version=&#8220;4.24.0&#8243; _module_preset=&#8220;default&#8220; background_color=&#8220;#f1f1f1&#8243; custom_padding=&#8220;||10px||false|false&#8220; global_colors_info=&#8220;{}&#8220;][et_pb_row _builder_version=&#8220;4.24.0&#8243; _module_preset=&#8220;default&#8220; global_colors_info=&#8220;{}&#8220;][et_pb_column type=&#8220;4_4&#8243; _builder_version=&#8220;4.24.0&#8243; _module_preset=&#8220;default&#8220; global_colors_info=&#8220;{}&#8220;][et_pb_text _builder_version=&#8220;4.24.0&#8243; _module_preset=&#8220;default&#8220; text_orientation=&#8220;center&#8220; global_colors_info=&#8220;{}&#8220;]<\/p>\n<h1>Weitere GEOsens-Services<\/h1>\n<p>[\/et_pb_text][\/et_pb_column][\/et_pb_row][\/et_pb_section][et_pb_section fb_built=&#8220;1&#8243; admin_label=&#8220;Our Services&#8220; _builder_version=&#8220;4.24.0&#8243; custom_padding=&#8220;10px||||false|false&#8220; locked=&#8220;off&#8220; global_colors_info=&#8220;{}&#8220;][et_pb_row column_structure=&#8220;1_4,1_4,1_4,1_4&#8243; use_custom_gutter=&#8220;on&#8220; gutter_width=&#8220;2&#8243; make_equal=&#8220;on&#8220; custom_padding_last_edited=&#8220;on|phone&#8220; admin_label=&#8220;Zeile GEOsens Weitere Services&#8220; _builder_version=&#8220;4.24.0&#8243; custom_margin=&#8220;|||&#8220; custom_padding=&#8220;80px||||false|false&#8220; custom_padding_tablet=&#8220;80px||||false|false&#8220; custom_padding_phone=&#8220;0px||||false|false&#8220; global_module=&#8220;2398&#8243; saved_tabs=&#8220;all&#8220; locked=&#8220;off&#8220; global_colors_info=&#8220;{}&#8220;][et_pb_column type=&#8220;1_4&#8243; _builder_version=&#8220;4.16&#8243; _module_preset=&#8220;default&#8220; global_colors_info=&#8220;{}&#8220;][et_pb_blurb use_icon=&#8220;on&#8220; font_icon=&#8220;&#xf3fd;||fa||900&#8243; image_icon_background_color=&#8220;#FFFFFF&#8220; image_icon_width=&#8220;70px&#8220; admin_label=&#8220;Blurb Inetcontrol&#8220; _builder_version=&#8220;4.23&#8243; header_font=&#8220;||||||||&#8220; header_text_align=&#8220;left&#8220; header_font_size=&#8220;22px&#8220; header_line_height=&#8220;1.2em&#8220; body_font=&#8220;Open Sans||||||||&#8220; body_line_height=&#8220;1.8em&#8220; background_color=&#8220;#f1f1f1&#8243; image_icon_custom_margin=&#8220;10px||||false|false&#8220; image_icon_custom_padding=&#8220;30px|30px|30px|30px|true|true&#8220; custom_margin=&#8220;||0px||false|false&#8220; custom_padding=&#8220;20px|30px|0px|30px|false|true&#8220; animation_style=&#8220;fold&#8220; animation_delay=&#8220;150ms&#8220; animation=&#8220;off&#8220; link_option_url=&#8220;https:\/\/www.inetcontrol.info&#8220; link_option_url_new_window=&#8220;on&#8220; border_width_all_image=&#8220;1px&#8220; border_color_all_image=&#8220;#cc0000&#8243; locked=&#8220;off&#8220; global_colors_info=&#8220;{}&#8220;][\/et_pb_blurb][et_pb_toggle title=&#8220;GEOsens INetControl&#8220; open_toggle_text_color=&#8220;#cc0000&#8243; closed_toggle_text_color=&#8220;#646464&#8243; closed_toggle_background_color=&#8220;rgba(208,208,208,0.7)&#8220; icon_color=&#8220;#cc0000&#8243; toggle_icon=&#8220;&#xe050;||divi||400&#8243; use_icon_font_size=&#8220;on&#8220; icon_font_size=&#8220;25px&#8220; open_icon_color=&#8220;#cc0000&#8243; open_use_icon_font_size=&#8220;on&#8220; open_icon_font_size=&#8220;25px&#8220; admin_label=&#8220;Toggle Inetcontrol&#8220; _builder_version=&#8220;4.23.1&#8243; _module_preset=&#8220;default&#8220; title_level=&#8220;h1&#8243; title_font_size=&#8220;21px&#8220; background_color=&#8220;#f1f1f1&#8243; custom_margin=&#8220;||||false|false&#8220; custom_padding=&#8220;||||false|false&#8220; animation_style=&#8220;fold&#8220; animation_delay=&#8220;150ms&#8220; custom_css_toggle_content=&#8220;hyphens: auto;&#8220; border_width_all=&#8220;0px&#8220; border_width_top=&#8220;2px&#8220; border_color_top=&#8220;#FFFFFF&#8220; global_colors_info=&#8220;{}&#8220;]<\/p>\n<p>GEOsens INetControl ist unsere IoT-Plattform f\u00fcr Datenvisualisierung und Fernsteuerung. Sicher, flexibel, leistungsf\u00e4hig.<\/p>\n<p><strong>Web-Link: <a title=\"GEOsens Datenvisualisierung und Fernsteuerung\" href=\"https:\/\/www.inetcontrol.info\" target=\"_blank\" rel=\"noopener\">www.inetcontrol.info<\/a><\/strong><\/p>\n<p>[\/et_pb_toggle][\/et_pb_column][et_pb_column type=&#8220;1_4&#8243; _builder_version=&#8220;4.23&#8243; _module_preset=&#8220;default&#8220; global_colors_info=&#8220;{}&#8220;][et_pb_blurb use_icon=&#8220;on&#8220; font_icon=&#8220;&#xf56f;||fa||900&#8243; image_icon_background_color=&#8220;#FFFFFF&#8220; image_icon_width=&#8220;70px&#8220; admin_label=&#8220;Blurb FileTransfer&#8220; _builder_version=&#8220;4.23&#8243; header_font=&#8220;||||||||&#8220; header_text_align=&#8220;left&#8220; header_font_size=&#8220;22px&#8220; header_line_height=&#8220;1.2em&#8220; body_font=&#8220;Open Sans||||||||&#8220; body_line_height=&#8220;1.8em&#8220; background_color=&#8220;#f1f1f1&#8243; image_icon_custom_margin=&#8220;10px||||false|false&#8220; image_icon_custom_padding=&#8220;30px|30px|30px|30px|true|true&#8220; custom_margin=&#8220;||0px||false|false&#8220; custom_padding=&#8220;20px|30px|0px|30px|false|true&#8220; animation_style=&#8220;fold&#8220; animation_delay=&#8220;150ms&#8220; animation=&#8220;off&#8220; link_option_url=&#8220;https:\/\/files.geosens.de&#8220; link_option_url_new_window=&#8220;on&#8220; border_width_all_image=&#8220;1px&#8220; border_color_all_image=&#8220;#cc0000&#8243; locked=&#8220;off&#8220; global_colors_info=&#8220;{}&#8220;][\/et_pb_blurb][et_pb_toggle title=&#8220;Daten-Transfer&#8220; open_toggle_text_color=&#8220;#cc0000&#8243; closed_toggle_text_color=&#8220;#646464&#8243; closed_toggle_background_color=&#8220;rgba(208,208,208,0.7)&#8220; icon_color=&#8220;#cc0000&#8243; toggle_icon=&#8220;&#xe050;||divi||400&#8243; use_icon_font_size=&#8220;on&#8220; icon_font_size=&#8220;25px&#8220; open_icon_color=&#8220;#cc0000&#8243; open_use_icon_font_size=&#8220;on&#8220; open_icon_font_size=&#8220;25px&#8220; admin_label=&#8220;Toggle FileTransfer&#8220; _builder_version=&#8220;4.23.1&#8243; _module_preset=&#8220;default&#8220; title_level=&#8220;h1&#8243; title_font_size=&#8220;21px&#8220; background_color=&#8220;#f1f1f1&#8243; custom_margin=&#8220;||||false|false&#8220; custom_padding=&#8220;||||false|false&#8220; animation_style=&#8220;fold&#8220; animation_delay=&#8220;150ms&#8220; custom_css_toggle_content=&#8220;hyphens: auto;&#8220; border_width_all=&#8220;0px&#8220; border_width_top=&#8220;2px&#8220; border_color_top=&#8220;#FFFFFF&#8220; global_colors_info=&#8220;{}&#8220;]<\/p>\n<p>Sie m\u00f6chten uns eine gro\u00dfe Datei schicken? Benutzen Sie statt DropBox oder WeTransfer unseren Filetransfer-Server. Datensicherheit garantiert. Erfragen Sie das Passwort telefonisch oder per Mail.<\/p>\n<p><strong>Web-Link: <a title=\"Datenversand via GEOsens-Transferserver\" href=\"https:\/\/files.geosens.de\" target=\"_blank\" rel=\"noopener\">files.geosens.de<\/a><\/strong><\/p>\n<p>[\/et_pb_toggle][\/et_pb_column][et_pb_column type=&#8220;1_4&#8243; _builder_version=&#8220;4.16&#8243; custom_padding=&#8220;|||&#8220; global_colors_info=&#8220;{}&#8220; custom_padding__hover=&#8220;|||&#8220;][et_pb_blurb use_icon=&#8220;on&#8220; font_icon=&#8220;&#xf570;||fa||900&#8243; image_icon_background_color=&#8220;#FFFFFF&#8220; image_icon_width=&#8220;70px&#8220; admin_label=&#8220;Blurb Docmenta&#8220; _builder_version=&#8220;4.23&#8243; header_font=&#8220;||||||||&#8220; header_text_align=&#8220;left&#8220; header_font_size=&#8220;22px&#8220; header_line_height=&#8220;1.2em&#8220; body_font=&#8220;Open Sans||||||||&#8220; body_line_height=&#8220;1.8em&#8220; background_color=&#8220;#f1f1f1&#8243; image_icon_custom_margin=&#8220;10px||||false|false&#8220; image_icon_custom_padding=&#8220;30px|30px|30px|30px|true|true&#8220; custom_margin=&#8220;||0px||false|false&#8220; custom_padding=&#8220;20px|30px|0px|30px|false|true&#8220; animation_style=&#8220;fold&#8220; animation_delay=&#8220;150ms&#8220; animation=&#8220;off&#8220; link_option_url=&#8220;https:\/\/docmenta.inetcontrol.info\/&#8220; link_option_url_new_window=&#8220;on&#8220; border_width_all_image=&#8220;1px&#8220; border_color_all_image=&#8220;#cc0000&#8243; locked=&#8220;off&#8220; global_colors_info=&#8220;{}&#8220;][\/et_pb_blurb][et_pb_toggle title=&#8220;GEOsens DocuSoft&#8220; open_toggle_text_color=&#8220;#cc0000&#8243; closed_toggle_text_color=&#8220;#646464&#8243; closed_toggle_background_color=&#8220;rgba(208,208,208,0.7)&#8220; icon_color=&#8220;#cc0000&#8243; toggle_icon=&#8220;&#xe050;||divi||400&#8243; use_icon_font_size=&#8220;on&#8220; icon_font_size=&#8220;25px&#8220; open_icon_color=&#8220;#cc0000&#8243; open_use_icon_font_size=&#8220;on&#8220; open_icon_font_size=&#8220;25px&#8220; admin_label=&#8220;Toggle Docmenta&#8220; _builder_version=&#8220;4.23.1&#8243; _module_preset=&#8220;default&#8220; title_level=&#8220;h1&#8243; title_font_size=&#8220;21px&#8220; background_color=&#8220;#f1f1f1&#8243; custom_margin=&#8220;||||false|false&#8220; custom_padding=&#8220;||||false|false&#8220; animation_style=&#8220;fold&#8220; animation_delay=&#8220;150ms&#8220; custom_css_toggle_content=&#8220;hyphens: auto;&#8220; border_width_all=&#8220;0px&#8220; border_width_top=&#8220;2px&#8220; border_color_top=&#8220;#FFFFFF&#8220; global_colors_info=&#8220;{}&#8220;]<\/p>\n<p>Unser Dokumentationstool f\u00fcr Software erstellt Dokumentationen als Webseiten oder PDF-Dateien. F\u00fcr gemeinsame Projekte k\u00f6nnen wir Ihnen einen Zugang geben.<\/p>\n<p><strong>Web-Link: <a title=\"GEOsens-Dokumentation\" href=\"https:\/\/docmenta.inetcontrol.info\/\" target=\"_blank\" rel=\"noopener\">docmenta.inetcontrol.info<\/a><\/strong><\/p>\n<p>[\/et_pb_toggle][\/et_pb_column][et_pb_column type=&#8220;1_4&#8243; _builder_version=&#8220;4.23&#8243; _module_preset=&#8220;default&#8220; global_colors_info=&#8220;{}&#8220;][et_pb_blurb use_icon=&#8220;on&#8220; font_icon=&#8220;&#xf5fc;||fa||900&#8243; image_icon_background_color=&#8220;#FFFFFF&#8220; image_icon_width=&#8220;70px&#8220; admin_label=&#8220;Blurb Git&#8220; _builder_version=&#8220;4.23&#8243; header_font=&#8220;||||||||&#8220; header_text_align=&#8220;left&#8220; header_font_size=&#8220;22px&#8220; header_line_height=&#8220;1.2em&#8220; body_font=&#8220;Open Sans||||||||&#8220; body_line_height=&#8220;1.8em&#8220; background_color=&#8220;#f1f1f1&#8243; image_icon_custom_margin=&#8220;10px||||false|false&#8220; image_icon_custom_padding=&#8220;30px|30px|30px|30px|true|true&#8220; custom_margin=&#8220;||0px||false|false&#8220; custom_padding=&#8220;20px|30px|0px|30px|false|true&#8220; animation_style=&#8220;fold&#8220; animation_delay=&#8220;150ms&#8220; animation=&#8220;off&#8220; link_option_url=&#8220;https:\/\/git.geosens.com&#8220; link_option_url_new_window=&#8220;on&#8220; border_width_all_image=&#8220;1px&#8220; border_color_all_image=&#8220;#cc0000&#8243; locked=&#8220;off&#8220; global_colors_info=&#8220;{}&#8220;][\/et_pb_blurb][et_pb_toggle title=&#8220;GEOsens Develop&#8220; open_toggle_text_color=&#8220;#cc0000&#8243; closed_toggle_text_color=&#8220;#646464&#8243; closed_toggle_background_color=&#8220;rgba(208,208,208,0.7)&#8220; icon_color=&#8220;#cc0000&#8243; toggle_icon=&#8220;&#xe050;||divi||400&#8243; use_icon_font_size=&#8220;on&#8220; icon_font_size=&#8220;25px&#8220; open_icon_color=&#8220;#cc0000&#8243; open_use_icon_font_size=&#8220;on&#8220; open_icon_font_size=&#8220;25px&#8220; admin_label=&#8220;Toggle Git&#8220; _builder_version=&#8220;4.23.1&#8243; _module_preset=&#8220;default&#8220; title_level=&#8220;h1&#8243; title_font_size=&#8220;21px&#8220; background_color=&#8220;#f1f1f1&#8243; custom_margin=&#8220;||||false|false&#8220; custom_padding=&#8220;||||false|false&#8220; animation_style=&#8220;fold&#8220; animation_delay=&#8220;150ms&#8220; custom_css_toggle_content=&#8220;hyphens: auto;&#8220; border_width_all=&#8220;0px&#8220; border_width_top=&#8220;2px&#8220; border_color_top=&#8220;#FFFFFF&#8220; global_colors_info=&#8220;{}&#8220;]<\/p>\n<p>GEOsense Develop ist ein Service zur Softwareentwicklung in Kooperation mit Ihnen oder weiteren Partnern. Hierf\u00fcr nutzen wir bew\u00e4hrte OpenSource-Software &#8222;Git&#8220;. Der Service wird auf unserer eigenen Infrastruktur in Deutschland betrieben.<\/p>\n<p><strong>Web-Link: <a title=\"GEOsens Software Entwicklung\" href=\"https:\/\/git.geosens.com\" target=\"_blank\" rel=\"noopener\">git.geosens.com<\/a><\/strong><\/p>\n<p>[\/et_pb_toggle][\/et_pb_column][\/et_pb_row][\/et_pb_section]<\/p>\n","protected":false},"excerpt":{"rendered":"<p>Je nach Ger\u00e4t und Betriebssystem k\u00f6nnen Sie die Ntfy-App kostenlos unter nachfolgenden Links herunterladen: F\u00fcr den Zugang per WebApp am Arbeitsplatz-Rechner m\u00fcssen Sie keine zus\u00e4tzliche Software installieren. Service-Link: ntfy.geosens.comNtfy (sprich Notify) ist eine Software zur Benachrichtigung und\/oder Alarmierung. Wir betreiben einen eigenen Ntfy-Server, \u00fcber den wir Ihre Meldungen verschicken. Damit bleiben Sie stets \u00fcber alles Wichtige in Ihren Projekten informiert. Wir konfigurieren f\u00fcr Sie die Alarme auf Basis von Messdaten, Sie erhalten die Nachricht \u00fcber einen Ausfall oder eine Grenzwert\u00fcberschreitung in Echtzeit. Sie erhalten von uns einen Zugang und installieren die Ntfy-App auf Ihrem Smartphone. Zus\u00e4tzlich k\u00f6nnen Sie auch an Ihrem Arbeitsplatz-Rechner \u00fcber Ihren gewohnten Webbrowser den GEOsens-Notify-Service aufrufen. Komfortabel k\u00f6nnen Sie die App f\u00fcr Ihre Bed\u00fcrfnisse konfigurieren: So haben Sie u.a. die volle Kontrolle dar\u00fcber, welche Kan\u00e4le Sie abonnieren oder welchen Signalton Sie je nach Priorit\u00e4t bzw. Nachricht h\u00f6ren wollen. Ntfy ist Opensource-Software \u2013 kostenlos, bew\u00e4hrt und sicher. Ntfy wurde daf\u00fcr entwickelt, schnell und zuverl\u00e4ssig zu benachrichtigen. Keine Werbung, keine Ablenkung. Mehr Info \u00fcber Ntfy finden sie hier (in Englisch): https:\/\/ntfy.sh. Exklusiv f\u00fcr unsere Kunden betreiben wir den GEOsens-Notify-Service in unserer eigenen Cloud-Infrastruktur &#8211; DSGVO-konform auf Servern in Deutschland. Wir nutzen Ntfy seit Jahren.Weitere GEOsens-ServicesGEOsens INetControl ist unsere IoT-Plattform [&hellip;]<\/p>\n","protected":false},"author":1,"featured_media":0,"parent":161,"menu_order":1,"comment_status":"closed","ping_status":"closed","template":"","meta":{"_seopress_robots_primary_cat":"","_seopress_titles_title":"","_seopress_titles_desc":"","_seopress_robots_index":"","_et_pb_use_builder":"on","_et_pb_old_content":"","_et_gb_content_width":"","footnotes":""},"class_list":["post-2392","page","type-page","status-publish","hentry"],"_links":{"self":[{"href":"https:\/\/www.geosens.de\/info\/wp-json\/wp\/v2\/pages\/2392","targetHints":{"allow":["GET"]}}],"collection":[{"href":"https:\/\/www.geosens.de\/info\/wp-json\/wp\/v2\/pages"}],"about":[{"href":"https:\/\/www.geosens.de\/info\/wp-json\/wp\/v2\/types\/page"}],"author":[{"embeddable":true,"href":"https:\/\/www.geosens.de\/info\/wp-json\/wp\/v2\/users\/1"}],"replies":[{"embeddable":true,"href":"https:\/\/www.geosens.de\/info\/wp-json\/wp\/v2\/comments?post=2392"}],"version-history":[{"count":0,"href":"https:\/\/www.geosens.de\/info\/wp-json\/wp\/v2\/pages\/2392\/revisions"}],"up":[{"embeddable":true,"href":"https:\/\/www.geosens.de\/info\/wp-json\/wp\/v2\/pages\/161"}],"wp:attachment":[{"href":"https:\/\/www.geosens.de\/info\/wp-json\/wp\/v2\/media?parent=2392"}],"curies":[{"name":"wp","href":"https:\/\/api.w.org\/{rel}","templated":true}]}}